{"id":30,"date":"2021-12-13T08:57:59","date_gmt":"2021-12-13T08:57:59","guid":{"rendered":"https:\/\/kadence.pixel-show.com\/wooden-craft\/?page_id=20"},"modified":"2024-06-25T13:30:49","modified_gmt":"2024-06-25T11:30:49","slug":"faq","status":"publish","type":"page","link":"https:\/\/artisanat-jardinsecret.fr\/index.php\/faq\/","title":{"rendered":"renseignements"},"content":{"rendered":"<style>.kb-row-layout-id30_05c723-c3 > .kt-row-column-wrap{align-content:start;}:where(.kb-row-layout-id30_05c723-c3 > .kt-row-column-wrap) > .wp-block-kadence-column{justify-content:start;}.kb-row-layout-id30_05c723-c3 > .kt-row-column-wrap{column-gap:var(--global-kb-gap-md, 2rem);row-gap:var(--global-kb-gap-md, 2rem);max-width:var( --global-content-width, 1290px );padding-left:var(--global-content-edge-padding);padding-right:var(--global-content-edge-padding);padding-top:41px;padding-bottom:42px;grid-template-columns:minmax(0, 1fr);}.kb-row-layout-id30_05c723-c3 > .kt-row-layout-overlay{opacity:0.44;background-image:url('http:\/\/artisanat-jardinsecret.fr\/wp-content\/uploads\/2021\/12\/pexels-aleksandar-pasaric-13213712.jpg');background-size:cover;background-position:center center;background-attachment:scroll;background-repeat:no-repeat;mix-blend-mode:multiply;}@media all and (max-width: 1024px){.kb-row-layout-id30_05c723-c3 > .kt-row-column-wrap{grid-template-columns:minmax(0, 1fr);}}@media all and (max-width: 767px){.kb-row-layout-id30_05c723-c3 > .kt-row-column-wrap{grid-template-columns:minmax(0, 1fr);}}<\/style><div class=\"kb-row-layout-wrap kb-row-layout-id30_05c723-c3 alignnone has-theme-palette8-background-color kt-row-has-bg wp-block-kadence-rowlayout\"><div class=\"kt-row-layout-overlay kt-row-overlay-normal\"><\/div><div class=\"kt-row-column-wrap kt-has-1-columns kt-row-layout-equal kt-tab-layout-inherit kt-mobile-layout-row kt-row-valign-top kb-theme-content-width\">\n<style>.kadence-column30_1b587f-1b > .kt-inside-inner-col,.kadence-column30_1b587f-1b > .kt-inside-inner-col:before{border-top-left-radius:0px;border-top-right-radius:0px;border-bottom-right-radius:0px;border-bottom-left-radius:0px;}.kadence-column30_1b587f-1b > .kt-inside-inner-col{column-gap:var(--global-kb-gap-sm, 1rem);}.kadence-column30_1b587f-1b > .kt-inside-inner-col{flex-direction:column;}.kadence-column30_1b587f-1b > .kt-inside-inner-col > .aligncenter{width:100%;}.kadence-column30_1b587f-1b > .kt-inside-inner-col:before{opacity:0.3;}.kadence-column30_1b587f-1b{position:relative;}@media all and (max-width: 1024px){.kadence-column30_1b587f-1b > .kt-inside-inner-col{flex-direction:column;justify-content:center;}}@media all and (max-width: 767px){.kadence-column30_1b587f-1b > .kt-inside-inner-col{flex-direction:column;justify-content:center;}}<\/style>\n<div class=\"wp-block-kadence-column kadence-column30_1b587f-1b inner-column-1\"><div class=\"kt-inside-inner-col\"><style>.wp-block-kadence-advancedheading.kt-adv-heading30_b344e2-9b, .wp-block-kadence-advancedheading.kt-adv-heading30_b344e2-9b[data-kb-block=\"kb-adv-heading30_b344e2-9b\"]{text-align:center;font-style:normal;}.wp-block-kadence-advancedheading.kt-adv-heading30_b344e2-9b mark.kt-highlight, .wp-block-kadence-advancedheading.kt-adv-heading30_b344e2-9b[data-kb-block=\"kb-adv-heading30_b344e2-9b\"] mark.kt-highlight{font-style:normal;color:#f76a0c;-webkit-box-decoration-break:clone;box-decoration-break:clone;padding-top:0px;padding-right:0px;padding-bottom:0px;padding-left:0px;}.wp-block-kadence-advancedheading.kt-adv-heading30_b344e2-9b img.kb-inline-image, .wp-block-kadence-advancedheading.kt-adv-heading30_b344e2-9b[data-kb-block=\"kb-adv-heading30_b344e2-9b\"] img.kb-inline-image{width:150px;vertical-align:baseline;}<\/style>\n<h6 class=\"kt-adv-heading30_b344e2-9b wp-block-kadence-advancedheading\" data-kb-block=\"kb-adv-heading30_b344e2-9b\"><\/h6>\n\n\n<style>.wp-block-kadence-advancedheading.kt-adv-heading30_f845d9-8e, .wp-block-kadence-advancedheading.kt-adv-heading30_f845d9-8e[data-kb-block=\"kb-adv-heading30_f845d9-8e\"]{text-align:center;font-style:normal;}.wp-block-kadence-advancedheading.kt-adv-heading30_f845d9-8e mark.kt-highlight, .wp-block-kadence-advancedheading.kt-adv-heading30_f845d9-8e[data-kb-block=\"kb-adv-heading30_f845d9-8e\"] mark.kt-highlight{font-style:normal;color:#f76a0c;-webkit-box-decoration-break:clone;box-decoration-break:clone;padding-top:0px;padding-right:0px;padding-bottom:0px;padding-left:0px;}.wp-block-kadence-advancedheading.kt-adv-heading30_f845d9-8e img.kb-inline-image, .wp-block-kadence-advancedheading.kt-adv-heading30_f845d9-8e[data-kb-block=\"kb-adv-heading30_f845d9-8e\"] img.kb-inline-image{width:150px;vertical-align:baseline;}<\/style>\n<h1 class=\"kt-adv-heading30_f845d9-8e wp-block-kadence-advancedheading\" data-kb-block=\"kb-adv-heading30_f845d9-8e\">renseignements<\/h1>\n\n\n<style>.wp-block-kadence-advancedheading.kt-adv-heading30_4d4bdd-4a, .wp-block-kadence-advancedheading.kt-adv-heading30_4d4bdd-4a[data-kb-block=\"kb-adv-heading30_4d4bdd-4a\"]{text-align:center;font-style:normal;}.wp-block-kadence-advancedheading.kt-adv-heading30_4d4bdd-4a mark.kt-highlight, .wp-block-kadence-advancedheading.kt-adv-heading30_4d4bdd-4a[data-kb-block=\"kb-adv-heading30_4d4bdd-4a\"] mark.kt-highlight{font-style:normal;color:#f76a0c;-webkit-box-decoration-break:clone;box-decoration-break:clone;padding-top:0px;padding-right:0px;padding-bottom:0px;padding-left:0px;}.wp-block-kadence-advancedheading.kt-adv-heading30_4d4bdd-4a img.kb-inline-image, .wp-block-kadence-advancedheading.kt-adv-heading30_4d4bdd-4a[data-kb-block=\"kb-adv-heading30_4d4bdd-4a\"] img.kb-inline-image{width:150px;vertical-align:baseline;}<\/style>\n<p class=\"kt-adv-heading30_4d4bdd-4a wp-block-kadence-advancedheading has-theme-palette-4-color has-text-color\" data-kb-block=\"kb-adv-heading30_4d4bdd-4a\"><\/p>\n<\/div><\/div>\n\n<\/div><\/div>\n\n<style>.kb-row-layout-id30_7beb90-8e > .kt-row-column-wrap{align-content:start;}:where(.kb-row-layout-id30_7beb90-8e > .kt-row-column-wrap) > .wp-block-kadence-column{justify-content:start;}.kb-row-layout-id30_7beb90-8e > .kt-row-column-wrap{column-gap:80px;row-gap:var(--global-kb-gap-md, 2rem);max-width:var( --global-content-width, 1290px );padding-left:var(--global-content-edge-padding);padding-right:var(--global-content-edge-padding);padding-top:80px;padding-bottom:25px;grid-template-columns:minmax(0, 2fr) minmax(0, 1fr);}.kb-row-layout-id30_7beb90-8e{background-image:url('http:\/\/artisanat-jardinsecret.fr\/wp-content\/uploads\/2021\/12\/pexels-aleksandar-pasaric-13213712.jpg');background-size:cover;background-position:center center;background-attachment:scroll;background-repeat:no-repeat;}.kb-row-layout-id30_7beb90-8e > .kt-row-layout-overlay{opacity:0.30;}@media all and (max-width: 1024px){.kb-row-layout-id30_7beb90-8e > .kt-row-column-wrap{grid-template-columns:minmax(0, 1fr);}}@media all and (max-width: 767px){.kb-row-layout-id30_7beb90-8e > .kt-row-column-wrap{grid-template-columns:minmax(0, 1fr);}}<\/style><div class=\"kb-row-layout-wrap kb-row-layout-id30_7beb90-8e alignnone has-theme-palette7-background-color kt-row-has-bg wp-block-kadence-rowlayout\"><div class=\"kt-row-column-wrap kt-has-2-columns kt-row-layout-left-golden kt-tab-layout-row kt-mobile-layout-row kt-row-valign-top kb-theme-content-width\">\n<style>.kadence-column30_6272d9-da > .kt-inside-inner-col,.kadence-column30_6272d9-da > .kt-inside-inner-col:before{border-top-left-radius:0px;border-top-right-radius:0px;border-bottom-right-radius:0px;border-bottom-left-radius:0px;}.kadence-column30_6272d9-da > .kt-inside-inner-col{column-gap:var(--global-kb-gap-sm, 1rem);}.kadence-column30_6272d9-da > .kt-inside-inner-col{flex-direction:column;}.kadence-column30_6272d9-da > .kt-inside-inner-col > .aligncenter{width:100%;}.kadence-column30_6272d9-da > .kt-inside-inner-col:before{opacity:0.3;}.kadence-column30_6272d9-da{position:relative;}@media all and (max-width: 1024px){.kadence-column30_6272d9-da > .kt-inside-inner-col{flex-direction:column;justify-content:center;}}@media all and (max-width: 767px){.kadence-column30_6272d9-da > .kt-inside-inner-col{flex-direction:column;justify-content:center;}}<\/style>\n<div class=\"wp-block-kadence-column kadence-column30_6272d9-da inner-column-2\"><div class=\"kt-inside-inner-col\"><style>.kb-row-layout-wrap.wp-block-kadence-rowlayout.kb-row-layout-id30_1e2288-8f{margin-bottom:0px;}.kb-row-layout-id30_1e2288-8f > .kt-row-column-wrap{align-content:start;}:where(.kb-row-layout-id30_1e2288-8f > .kt-row-column-wrap) > .wp-block-kadence-column{justify-content:start;}.kb-row-layout-id30_1e2288-8f > .kt-row-column-wrap{column-gap:var(--global-kb-gap-md, 2rem);row-gap:var(--global-kb-gap-md, 2rem);max-width:500px;margin-left:auto;margin-right:auto;padding-top:0px;padding-bottom:0px;grid-template-columns:minmax(0, 1fr);}.kb-row-layout-id30_1e2288-8f > .kt-row-layout-overlay{opacity:0.30;}@media all and (max-width: 1024px){.kb-row-layout-id30_1e2288-8f > .kt-row-column-wrap{grid-template-columns:minmax(0, 1fr);}}@media all and (max-width: 767px){.kb-row-layout-id30_1e2288-8f > .kt-row-column-wrap{grid-template-columns:minmax(0, 1fr);}}<\/style><div class=\"kb-row-layout-wrap kb-row-layout-id30_1e2288-8f alignnone wp-block-kadence-rowlayout\"><div class=\"kt-row-column-wrap kt-has-1-columns kt-row-layout-equal kt-tab-layout-inherit kt-mobile-layout-row kt-row-valign-top\">\n<style>.kadence-column30_2aaabb-d8 > .kt-inside-inner-col{padding-top:40px;padding-right:40px;padding-bottom:40px;padding-left:40px;}.kadence-column30_2aaabb-d8 > .kt-inside-inner-col,.kadence-column30_2aaabb-d8 > .kt-inside-inner-col:before{border-top-left-radius:10px;border-top-right-radius:10px;border-bottom-right-radius:10px;border-bottom-left-radius:10px;}.kadence-column30_2aaabb-d8 > .kt-inside-inner-col{column-gap:var(--global-kb-gap-sm, 1rem);}.kadence-column30_2aaabb-d8 > .kt-inside-inner-col{flex-direction:column;}.kadence-column30_2aaabb-d8 > .kt-inside-inner-col > .aligncenter{width:100%;}.kadence-column30_2aaabb-d8 > .kt-inside-inner-col{background-color:var(--global-palette1, #3182CE);}.kadence-column30_2aaabb-d8 > .kt-inside-inner-col:before{opacity:0.3;}.kadence-column30_2aaabb-d8{position:relative;}@media all and (max-width: 1024px){.kadence-column30_2aaabb-d8 > .kt-inside-inner-col{flex-direction:column;justify-content:center;}}@media all and (max-width: 767px){.kadence-column30_2aaabb-d8 > .kt-inside-inner-col{padding-top:var(--global-kb-spacing-sm, 1.5rem);padding-right:var(--global-kb-spacing-sm, 1.5rem);padding-bottom:var(--global-kb-spacing-sm, 1.5rem);padding-left:var(--global-kb-spacing-sm, 1.5rem);flex-direction:column;justify-content:center;}}<\/style>\n<div class=\"wp-block-kadence-column kadence-column30_2aaabb-d8 inner-column-1\"><div class=\"kt-inside-inner-col\"><style>.wp-block-kadence-advancedheading.kt-adv-heading30_448dc4-fc, .wp-block-kadence-advancedheading.kt-adv-heading30_448dc4-fc[data-kb-block=\"kb-adv-heading30_448dc4-fc\"]{font-style:normal;}.wp-block-kadence-advancedheading.kt-adv-heading30_448dc4-fc mark.kt-highlight, .wp-block-kadence-advancedheading.kt-adv-heading30_448dc4-fc[data-kb-block=\"kb-adv-heading30_448dc4-fc\"] mark.kt-highlight{font-style:normal;color:#f76a0c;-webkit-box-decoration-break:clone;box-decoration-break:clone;padding-top:0px;padding-right:0px;padding-bottom:0px;padding-left:0px;}.wp-block-kadence-advancedheading.kt-adv-heading30_448dc4-fc img.kb-inline-image, .wp-block-kadence-advancedheading.kt-adv-heading30_448dc4-fc[data-kb-block=\"kb-adv-heading30_448dc4-fc\"] img.kb-inline-image{width:150px;vertical-align:baseline;}<\/style>\n<h5 class=\"kt-adv-heading30_448dc4-fc wp-block-kadence-advancedheading has-theme-palette-9-color has-text-color\" data-kb-block=\"kb-adv-heading30_448dc4-fc\">Vous ne trouvez pas r\u00e9ponse \u00e0 votre question \u00e9crivez-moi ?<\/h5>\n\n\n<style>.kadence-form-30_92c083-13 .kb-form .kadence-blocks-form-field .kb-text-style-field, .kadence-form-30_92c083-13 .kb-form .kadence-blocks-form-field .kb-select-style-field{color:var(--global-palette9, #ffffff);border-radius:0px;border-width:0px 0px 2px 0px;background:rgba(0, 0, 0, 0);border-color:rgba(242, 245, 241, 0.39);}.kadence-form-30_92c083-13 .kb-form .kadence-blocks-form-field > label{color:var(--global-palette9, #ffffff);}.kadence-form-30_92c083-13 .kb-form .kadence-blocks-form-field .kb-forms-submit{border-radius:50px;background:var(--global-palette3, #1A202C);}.kb-form input.kadence-blocks-field.verify{opacity:0.0;position:absolute;top:0.0;left:0.0;width:0.0;height:0.0;z-index:-1;}<\/style>\n<div class=\"wp-block-kadence-form kadence-form-30_92c083-13 kb-form-wrap\"><form class=\"kb-form\" action=\"\" method=\"post\"><div class=\"kadence-blocks-form-field kb-field-desk-width-100 kb-input-size-standard\"><label for=\"kb_field_30_92c083-13_0\">Nom<\/label><input name=\"kb_field_0\" id=\"kb_field_30_92c083-13_0\" data-label=\"Nom\" type=\"text\" placeholder=\"\" value=\"\" data-type=\"text\" class=\"kb-field kb-text-style-field kb-text-field kb-field-0\"\/><\/div><div class=\"kadence-blocks-form-field kb-form-field-1 kb-field-desk-width-100 kb-input-size-standard\"><label for=\"kb_field_30_92c083-13_1\">Email<span class=\"required\">*<\/span><\/label><input name=\"kb_field_1\" id=\"kb_field_30_92c083-13_1\" data-label=\"Email\" type=\"email\" placeholder=\"\" value=\"\" data-type=\"email\" class=\"kb-field kb-text-style-field kb-email-field kb-field-1\" data-required=\"yes\"\/><\/div><div class=\"kadence-blocks-form-field kb-form-field-2 kb-field-desk-width-100 kb-input-size-standard\"><label for=\"kb_field_30_92c083-13_2\">Message<span class=\"required\">*<\/span><\/label><textarea name=\"kb_field_2\" id=\"kb_field_30_92c083-13_2\" data-label=\"Message\" type=\"textarea\" placeholder=\"\" data-type=\"textarea\" class=\"kb-field kb-text-style-field kb-textarea-field kb-field-2\" rows=\"4\" data-required=\"yes\"><\/textarea><\/div><input type=\"hidden\" name=\"_kb_form_id\" value=\"30_92c083-13\"\/><input type=\"hidden\" name=\"_kb_form_post_id\" value=\"30\"\/><input type=\"hidden\" name=\"action\" value=\"kb_process_ajax_submit\"\/><label class=\"kadence-verify-label\">Email<input class=\"kadence-blocks-field verify\" type=\"text\" name=\"_kb_verify_email\" autocomplete=\"new-password\" aria-hidden=\"true\" placeholder=\"Email\" tabindex=\"-1\" data-1p-ignore=\"true\" data-lpignore=\"true\" \/><\/label><div class=\"kadence-blocks-form-field kb-submit-field kb-field-desk-width-100\"><button class=\"kb-forms-submit button kb-button-size-standard kb-button-width-full\">Envoyer Message<\/button><\/div><\/form><\/div>\n<noscript><div class=\"kadence-blocks-form-message kadence-blocks-form-warning\">Please enable JavaScript in your browser to submit the form<\/div><style>.kadence-form-30_92c083-13 .kadence-blocks-form-field.kb-submit-field { display: none; }<\/style><\/noscript><\/div><\/div>\n\n<\/div><\/div><\/div><\/div>\n\n\n<style>.kadence-column30_f87fac-b9 > .kt-inside-inner-col,.kadence-column30_f87fac-b9 > .kt-inside-inner-col:before{border-top-left-radius:0px;border-top-right-radius:0px;border-bottom-right-radius:0px;border-bottom-left-radius:0px;}.kadence-column30_f87fac-b9 > .kt-inside-inner-col{column-gap:var(--global-kb-gap-sm, 1rem);}.kadence-column30_f87fac-b9 > .kt-inside-inner-col{flex-direction:column;}.kadence-column30_f87fac-b9 > .kt-inside-inner-col > .aligncenter{width:100%;}.kadence-column30_f87fac-b9 > .kt-inside-inner-col:before{opacity:0.3;}.kadence-column30_f87fac-b9{position:relative;}@media all and (max-width: 1024px){.kadence-column30_f87fac-b9 > .kt-inside-inner-col{flex-direction:column;justify-content:center;}}@media all and (max-width: 767px){.kadence-column30_f87fac-b9 > .kt-inside-inner-col{flex-direction:column;justify-content:center;}}<\/style>\n<div class=\"wp-block-kadence-column kadence-column30_f87fac-b9\"><div class=\"kt-inside-inner-col\"><style>.kb-image30_05713c-b7.kb-image-is-ratio-size, .kb-image30_05713c-b7 .kb-image-is-ratio-size{max-width:358px;width:100%;}.wp-block-kadence-column > .kt-inside-inner-col > .kb-image30_05713c-b7.kb-image-is-ratio-size, .wp-block-kadence-column > .kt-inside-inner-col > .kb-image30_05713c-b7 .kb-image-is-ratio-size{align-self:unset;}.kb-image30_05713c-b7{max-width:358px;}.image-is-svg.kb-image30_05713c-b7{-webkit-flex:0 1 100%;flex:0 1 100%;}.image-is-svg.kb-image30_05713c-b7 img{width:100%;}.kb-image30_05713c-b7 .kb-image-has-overlay:after{opacity:0.3;}<\/style>\n<figure class=\"wp-block-kadence-image kb-image30_05713c-b7 size-full\"><img loading=\"lazy\" decoding=\"async\" width=\"368\" height=\"401\" src=\"http:\/\/artisanat-jardinsecret.fr\/wp-content\/uploads\/2021\/12\/12345.png\" alt=\"RENSEIGNEMENTS\n\" class=\"kb-img wp-image-734\" srcset=\"https:\/\/artisanat-jardinsecret.fr\/wp-content\/uploads\/2021\/12\/12345.png 368w, https:\/\/artisanat-jardinsecret.fr\/wp-content\/uploads\/2021\/12\/12345-275x300.png 275w\" sizes=\"auto, (max-width: 368px) 100vw, 368px\" \/><\/figure>\n<\/div><\/div>\n\n<\/div><\/div>\n\n<style>.wp-block-kadence-advancedheading.kt-adv-heading30_56e5eb-f5, .wp-block-kadence-advancedheading.kt-adv-heading30_56e5eb-f5[data-kb-block=\"kb-adv-heading30_56e5eb-f5\"]{text-align:center;font-style:normal;}.wp-block-kadence-advancedheading.kt-adv-heading30_56e5eb-f5 mark.kt-highlight, .wp-block-kadence-advancedheading.kt-adv-heading30_56e5eb-f5[data-kb-block=\"kb-adv-heading30_56e5eb-f5\"] mark.kt-highlight{font-style:normal;color:#f76a0c;-webkit-box-decoration-break:clone;box-decoration-break:clone;padding-top:0px;padding-right:0px;padding-bottom:0px;padding-left:0px;}.wp-block-kadence-advancedheading.kt-adv-heading30_56e5eb-f5 img.kb-inline-image, .wp-block-kadence-advancedheading.kt-adv-heading30_56e5eb-f5[data-kb-block=\"kb-adv-heading30_56e5eb-f5\"] img.kb-inline-image{width:150px;vertical-align:baseline;}<\/style>\n<h2 class=\"kt-adv-heading30_56e5eb-f5 wp-block-kadence-advancedheading\" data-kb-block=\"kb-adv-heading30_56e5eb-f5\">Les r\u00e9seaux sociaux \/ renseignements<\/h2>\n\n\n\n<ul class=\"wp-block-social-links aligncenter is-layout-flex wp-block-social-links-is-layout-flex\"><li class=\"wp-social-link wp-social-link-facebook  wp-block-social-link\"><a href=\"https:\/\/www.facebook.com\/jardin.secret.195962\" class=\"wp-block-social-link-anchor\" target=\"_blank\" rel=\"noopener\"><svg width=\"24\" height=\"24\" viewBox=\"0 0 24 24\" version=\"1.1\" xmlns=\"http:\/\/www.w3.org\/2000\/svg\" aria-hidden=\"true\" focusable=\"false\"><path d=\"M12 2C6.5 2 2 6.5 2 12c0 5 3.7 9.1 8.4 9.9v-7H7.9V12h2.5V9.8c0-2.5 1.5-3.9 3.8-3.9 1.1 0 2.2.2 2.2.2v2.5h-1.3c-1.2 0-1.6.8-1.6 1.6V12h2.8l-.4 2.9h-2.3v7C18.3 21.1 22 17 22 12c0-5.5-4.5-10-10-10z\"><\/path><\/svg><span class=\"wp-block-social-link-label screen-reader-text\">Facebook<\/span><\/a><\/li>\n\n<li class=\"wp-social-link wp-social-link-instagram  wp-block-social-link\"><a href=\"https:\/\/www.instagram.com\/jardinsecretartisanat\/?igsh=MTBIOXBvcTIwajMxNQ%3D%3D\" class=\"wp-block-social-link-anchor\" target=\"_blank\" rel=\"noopener\"><svg width=\"24\" height=\"24\" viewBox=\"0 0 24 24\" version=\"1.1\" xmlns=\"http:\/\/www.w3.org\/2000\/svg\" aria-hidden=\"true\" focusable=\"false\"><path d=\"M12,4.622c2.403,0,2.688,0.009,3.637,0.052c0.877,0.04,1.354,0.187,1.671,0.31c0.42,0.163,0.72,0.358,1.035,0.673 c0.315,0.315,0.51,0.615,0.673,1.035c0.123,0.317,0.27,0.794,0.31,1.671c0.043,0.949,0.052,1.234,0.052,3.637 s-0.009,2.688-0.052,3.637c-0.04,0.877-0.187,1.354-0.31,1.671c-0.163,0.42-0.358,0.72-0.673,1.035 c-0.315,0.315-0.615,0.51-1.035,0.673c-0.317,0.123-0.794,0.27-1.671,0.31c-0.949,0.043-1.233,0.052-3.637,0.052 s-2.688-0.009-3.637-0.052c-0.877-0.04-1.354-0.187-1.671-0.31c-0.42-0.163-0.72-0.358-1.035-0.673 c-0.315-0.315-0.51-0.615-0.673-1.035c-0.123-0.317-0.27-0.794-0.31-1.671C4.631,14.688,4.622,14.403,4.622,12 s0.009-2.688,0.052-3.637c0.04-0.877,0.187-1.354,0.31-1.671c0.163-0.42,0.358-0.72,0.673-1.035 c0.315-0.315,0.615-0.51,1.035-0.673c0.317-0.123,0.794-0.27,1.671-0.31C9.312,4.631,9.597,4.622,12,4.622 M12,3 C9.556,3,9.249,3.01,8.289,3.054C7.331,3.098,6.677,3.25,6.105,3.472C5.513,3.702,5.011,4.01,4.511,4.511 c-0.5,0.5-0.808,1.002-1.038,1.594C3.25,6.677,3.098,7.331,3.054,8.289C3.01,9.249,3,9.556,3,12c0,2.444,0.01,2.751,0.054,3.711 c0.044,0.958,0.196,1.612,0.418,2.185c0.23,0.592,0.538,1.094,1.038,1.594c0.5,0.5,1.002,0.808,1.594,1.038 c0.572,0.222,1.227,0.375,2.185,0.418C9.249,20.99,9.556,21,12,21s2.751-0.01,3.711-0.054c0.958-0.044,1.612-0.196,2.185-0.418 c0.592-0.23,1.094-0.538,1.594-1.038c0.5-0.5,0.808-1.002,1.038-1.594c0.222-0.572,0.375-1.227,0.418-2.185 C20.99,14.751,21,14.444,21,12s-0.01-2.751-0.054-3.711c-0.044-0.958-0.196-1.612-0.418-2.185c-0.23-0.592-0.538-1.094-1.038-1.594 c-0.5-0.5-1.002-0.808-1.594-1.038c-0.572-0.222-1.227-0.375-2.185-0.418C14.751,3.01,14.444,3,12,3L12,3z M12,7.378 c-2.552,0-4.622,2.069-4.622,4.622S9.448,16.622,12,16.622s4.622-2.069,4.622-4.622S14.552,7.378,12,7.378z M12,15 c-1.657,0-3-1.343-3-3s1.343-3,3-3s3,1.343,3,3S13.657,15,12,15z M16.804,6.116c-0.596,0-1.08,0.484-1.08,1.08 s0.484,1.08,1.08,1.08c0.596,0,1.08-0.484,1.08-1.08S17.401,6.116,16.804,6.116z\"><\/path><\/svg><span class=\"wp-block-social-link-label screen-reader-text\">Instagram<\/span><\/a><\/li><\/ul>\n\n\n\n<div class=\"wp-block-buttons is-content-justification-center is-layout-flex wp-container-core-buttons-is-layout-16018d1d wp-block-buttons-is-layout-flex\">\n<div class=\"wp-block-button\"><a class=\"wp-block-button__link wp-element-button\" href=\"https:\/\/artisanat-jardinsecret.fr\/\">retour \u00e0 l&#8217;accueil<\/a><\/div>\n<\/div>\n","protected":false},"excerpt":{"rendered":"<p>renseignements Vous ne trouvez pas r\u00e9ponse \u00e0 votre question \u00e9crivez-moi ? Les r\u00e9seaux sociaux \/ renseignements<\/p>\n","protected":false},"author":1,"featured_media":0,"parent":0,"menu_order":0,"comment_status":"closed","ping_status":"closed","template":"","meta":{"_kad_blocks_custom_css":"","_kad_blocks_head_custom_js":"","_kad_blocks_body_custom_js":"","_kad_blocks_footer_custom_js":"","_kadence_starter_templates_imported_post":true,"_kad_post_transparent":"","_kad_post_title":"hide","_kad_post_layout":"fullwidth","_kad_post_sidebar_id":"","_kad_post_content_style":"unboxed","_kad_post_vertical_padding":"hide","_kad_post_feature":"hide","_kad_post_feature_position":"","_kad_post_header":false,"_kad_post_footer":false,"footnotes":""},"class_list":["post-30","page","type-page","status-publish","hentry"],"taxonomy_info":[],"featured_image_src_large":false,"author_info":{"display_name":"Caroline","author_link":"https:\/\/artisanat-jardinsecret.fr\/author\/admin1004\/"},"comment_info":0,"jetpack_sharing_enabled":true,"_links":{"self":[{"href":"https:\/\/artisanat-jardinsecret.fr\/index.php\/wp-json\/wp\/v2\/pages\/30","targetHints":{"allow":["GET"]}}],"collection":[{"href":"https:\/\/artisanat-jardinsecret.fr\/index.php\/wp-json\/wp\/v2\/pages"}],"about":[{"href":"https:\/\/artisanat-jardinsecret.fr\/index.php\/wp-json\/wp\/v2\/types\/page"}],"author":[{"embeddable":true,"href":"https:\/\/artisanat-jardinsecret.fr\/index.php\/wp-json\/wp\/v2\/users\/1"}],"replies":[{"embeddable":true,"href":"https:\/\/artisanat-jardinsecret.fr\/index.php\/wp-json\/wp\/v2\/comments?post=30"}],"version-history":[{"count":11,"href":"https:\/\/artisanat-jardinsecret.fr\/index.php\/wp-json\/wp\/v2\/pages\/30\/revisions"}],"predecessor-version":[{"id":2179,"href":"https:\/\/artisanat-jardinsecret.fr\/index.php\/wp-json\/wp\/v2\/pages\/30\/revisions\/2179"}],"wp:attachment":[{"href":"https:\/\/artisanat-jardinsecret.fr\/index.php\/wp-json\/wp\/v2\/media?parent=30"}],"curies":[{"name":"wp","href":"https:\/\/api.w.org\/{rel}","templated":true}]}}